{"id":14817,"date":"2024-01-24T11:18:00","date_gmt":"2024-01-24T10:18:00","guid":{"rendered":"https:\/\/www.mo1950.com\/?page_id=14817"},"modified":"2024-07-30T09:25:16","modified_gmt":"2024-07-30T07:25:16","slug":"retail-spaces","status":"publish","type":"page","link":"https:\/\/www.mo1950.com\/en\/retail-spaces\/","title":{"rendered":"Retail Spaces"},"content":{"rendered":"<section class=\"wpb-content-wrapper\"><p>[vc_row row_content_width=&#8221;grid&#8221; css=&#8221;.vc_custom_1706091132870{margin-top: 100px !important;margin-bottom: 100px !important;}&#8221;][vc_column]<div class=\"qodef-section-title-holder  qodef-st-standard qodef-st-title-left qodef-st-normal-space \" >\n\t<div class=\"qodef-st-inner\">\n\t\t\t\t\t<h3 class=\"qodef-st-title\" >\n\t\t\t\tMo.1950 Showrooms\t\t\t<\/h3>\n\t\t\t\t\t\t\t<h5 class=\"qodef-st-text\" >\n\t\t\t\tMulti-brand showrooms that add an important component to the company's growth, offering architects and designers tailor-made services, customisable and top-quality furnishing solutions.\t\t\t<\/h5>\n\t\t            <div class=\"qodef-section-title-button-holder\">\n            <div class=\"qodef-section-title-button\">\n                <a itemprop=\"url\" href=\"\/en\/spazi-mo-1950\/\" target=\"_self\"  class=\"qodef-btn qodef-btn-large qodef-btn-simple\"  >    <span class=\"qodef-btn-line-holder\">        <span class=\"qodef-btn-line-top\"><\/span>        <span class=\"qodef-btn-line\"><\/span>        <span class=\"qodef-btn-line-bottom\"><\/span>    <\/span>        <span class=\"qodef-btn-text\">discover more<\/span><\/a>            <\/div>\n        <\/div>\n    \t<\/div>\n<\/div>[vc_empty_space height=&#8221;40px&#8221;]<div class=\"qodef-section-title-holder  qodef-st-standard qodef-st-title-left qodef-st-normal-space \" >\n\t<div class=\"qodef-st-inner\">\n\t\t\t\t\t<h3 class=\"qodef-st-title\" >\n\t\t\t\tFlagship Stores\t\t\t<\/h3>\n\t\t\t\t\t\t\t<h5 class=\"qodef-st-text\" >\n\t\t\t\tImportant showcases in the central streets of Milan to tell stories of design and excellence.\t\t\t<\/h5>\n\t\t            <div class=\"qodef-section-title-button-holder\">\n            <div class=\"qodef-section-title-button\">\n                <a itemprop=\"url\" href=\"\/en\/flagship-stores\/\" target=\"_self\"  class=\"qodef-btn qodef-btn-large qodef-btn-simple\"  >    <span class=\"qodef-btn-line-holder\">        <span class=\"qodef-btn-line-top\"><\/span>        <span class=\"qodef-btn-line\"><\/span>        <span class=\"qodef-btn-line-bottom\"><\/span>    <\/span>        <span class=\"qodef-btn-text\">discover more<\/span><\/a>            <\/div>\n        <\/div>\n    \t<\/div>\n<\/div>[vc_empty_space height=&#8221;40px&#8221;]<div class=\"qodef-section-title-holder  qodef-st-standard qodef-st-title-left qodef-st-normal-space \" >\n\t<div class=\"qodef-st-inner\">\n\t\t\t\t\t<h3 class=\"qodef-st-title\" >\n\t\t\t\tMolteni Mobili\t\t\t<\/h3>\n\t\t\t\t\t\t\t<h5 class=\"qodef-st-text\" >\n\t\t\t\tSince 1950 Molteni Mobili has been a reference point for people wishing to furnish their homes with taste and functionality, as a result of the experience and knowledge handed down over three generations.\t\t\t<\/h5>\n\t\t            <div class=\"qodef-section-title-button-holder\">\n            <div class=\"qodef-section-title-button\">\n                <a itemprop=\"url\" href=\"\/en\/flagship-stores\/molteni-mobili\/\" target=\"_self\"  class=\"qodef-btn qodef-btn-large qodef-btn-simple\"  >    <span class=\"qodef-btn-line-holder\">        <span class=\"qodef-btn-line-top\"><\/span>        <span class=\"qodef-btn-line\"><\/span>        <span class=\"qodef-btn-line-bottom\"><\/span>    <\/span>        <span class=\"qodef-btn-text\">discover more<\/span><\/a>            <\/div>\n        <\/div>\n    \t<\/div>\n<\/div>[\/vc_column][\/vc_row]<\/p>\n<\/section>","protected":false},"excerpt":{"rendered":"<p>[vc_row row_content_width=&#8221;grid&#8221; css=&#8221;.vc_custom_1706091132870{margin-top: 100px !important;margin-bottom: 100px !important;}&#8221;][vc_column][vc_empty_space height=&#8221;40px&#8221;][vc_empty_space height=&#8221;40px&#8221;][\/vc_column][\/vc_row]<\/p>\n","protected":false},"author":1,"featured_media":0,"parent":0,"menu_order":0,"comment_status":"closed","ping_status":"closed","template":"full-width.php","meta":{"footnotes":""},"class_list":["post-14817","page","type-page","status-publish","hentry"],"yoast_head":"<!-- This site is optimized with the Yoast SEO plugin v23.4 - https:\/\/yoast.com\/wordpress\/plugins\/seo\/ -->\n<title>Retail Spaces - Mo.1950<\/title>\n<meta name=\"description\" content=\"Mo.1950 \u00e8 oggi una realt\u00e0 vivace nei servizi d&#039;arredo. \u00c8 conosciuta nel panorama milanese del design e dell\u2019arredamento in quanto propone soluzioni di stile originali. \u00c8 composta da una rete di partner e professionisti per risolvere ogni problema.\" \/>\n<meta name=\"robots\" content=\"index, follow, max-snippet:-1, max-image-preview:large, max-video-preview:-1\" \/>\n<link rel=\"canonical\" href=\"https:\/\/www.mo1950.com\/en\/retail-spaces\/\" \/>\n<meta property=\"og:locale\" content=\"en_US\" \/>\n<meta property=\"og:type\" content=\"article\" \/>\n<meta property=\"og:title\" content=\"Retail Spaces - Mo.1950\" \/>\n<meta property=\"og:description\" content=\"Mo.1950 \u00e8 oggi una realt\u00e0 vivace nei servizi d&#039;arredo. \u00c8 conosciuta nel panorama milanese del design e dell\u2019arredamento in quanto propone soluzioni di stile originali. \u00c8 composta da una rete di partner e professionisti per risolvere ogni problema.\" \/>\n<meta property=\"og:url\" content=\"https:\/\/www.mo1950.com\/en\/retail-spaces\/\" \/>\n<meta property=\"og:site_name\" content=\"Mo.1950\" \/>\n<meta property=\"article:modified_time\" content=\"2024-07-30T07:25:16+00:00\" \/>\n<meta name=\"twitter:card\" content=\"summary_large_image\" \/>\n<meta name=\"twitter:label1\" content=\"Est. reading time\" \/>\n\t<meta name=\"twitter:data1\" content=\"1 minute\" \/>\n<script type=\"application\/ld+json\" class=\"yoast-schema-graph\">{\"@context\":\"https:\/\/schema.org\",\"@graph\":[{\"@type\":\"WebPage\",\"@id\":\"https:\/\/www.mo1950.com\/en\/retail-spaces\/\",\"url\":\"https:\/\/www.mo1950.com\/en\/retail-spaces\/\",\"name\":\"Retail Spaces - Mo.1950\",\"isPartOf\":{\"@id\":\"https:\/\/www.mo1950.com\/#website\"},\"datePublished\":\"2024-01-24T10:18:00+00:00\",\"dateModified\":\"2024-07-30T07:25:16+00:00\",\"description\":\"Mo.1950 \u00e8 oggi una realt\u00e0 vivace nei servizi d'arredo. \u00c8 conosciuta nel panorama milanese del design e dell\u2019arredamento in quanto propone soluzioni di stile originali. \u00c8 composta da una rete di partner e professionisti per risolvere ogni problema.\",\"breadcrumb\":{\"@id\":\"https:\/\/www.mo1950.com\/en\/retail-spaces\/#breadcrumb\"},\"inLanguage\":\"en-US\",\"potentialAction\":[{\"@type\":\"ReadAction\",\"target\":[\"https:\/\/www.mo1950.com\/en\/retail-spaces\/\"]}]},{\"@type\":\"BreadcrumbList\",\"@id\":\"https:\/\/www.mo1950.com\/en\/retail-spaces\/#breadcrumb\",\"itemListElement\":[{\"@type\":\"ListItem\",\"position\":1,\"name\":\"Home\",\"item\":\"https:\/\/www.mo1950.com\/en\/\"},{\"@type\":\"ListItem\",\"position\":2,\"name\":\"Retail Spaces\"}]},{\"@type\":\"WebSite\",\"@id\":\"https:\/\/www.mo1950.com\/#website\",\"url\":\"https:\/\/www.mo1950.com\/\",\"name\":\"Mo.1950\",\"description\":\"\",\"publisher\":{\"@id\":\"https:\/\/www.mo1950.com\/#organization\"},\"potentialAction\":[{\"@type\":\"SearchAction\",\"target\":{\"@type\":\"EntryPoint\",\"urlTemplate\":\"https:\/\/www.mo1950.com\/?s={search_term_string}\"},\"query-input\":{\"@type\":\"PropertyValueSpecification\",\"valueRequired\":true,\"valueName\":\"search_term_string\"}}],\"inLanguage\":\"en-US\"},{\"@type\":\"Organization\",\"@id\":\"https:\/\/www.mo1950.com\/#organization\",\"name\":\"Mo.1950 - Contract Services & Design Solutions - Milano\",\"url\":\"https:\/\/www.mo1950.com\/\",\"logo\":{\"@type\":\"ImageObject\",\"inLanguage\":\"en-US\",\"@id\":\"https:\/\/www.mo1950.com\/#\/schema\/logo\/image\/\",\"url\":\"https:\/\/www.mo1950.com\/wp-content\/uploads\/2020\/05\/logo-mo-150.png\",\"contentUrl\":\"https:\/\/www.mo1950.com\/wp-content\/uploads\/2020\/05\/logo-mo-150.png\",\"width\":150,\"height\":150,\"caption\":\"Mo.1950 - Contract Services & Design Solutions - Milano\"},\"image\":{\"@id\":\"https:\/\/www.mo1950.com\/#\/schema\/logo\/image\/\"}}]}<\/script>\n<!-- \/ Yoast SEO plugin. -->","yoast_head_json":{"title":"Retail Spaces - Mo.1950","description":"Mo.1950 \u00e8 oggi una realt\u00e0 vivace nei servizi d'arredo. \u00c8 conosciuta nel panorama milanese del design e dell\u2019arredamento in quanto propone soluzioni di stile originali. \u00c8 composta da una rete di partner e professionisti per risolvere ogni problema.","robots":{"index":"index","follow":"follow","max-snippet":"max-snippet:-1","max-image-preview":"max-image-preview:large","max-video-preview":"max-video-preview:-1"},"canonical":"https:\/\/www.mo1950.com\/en\/retail-spaces\/","og_locale":"en_US","og_type":"article","og_title":"Retail Spaces - Mo.1950","og_description":"Mo.1950 \u00e8 oggi una realt\u00e0 vivace nei servizi d'arredo. \u00c8 conosciuta nel panorama milanese del design e dell\u2019arredamento in quanto propone soluzioni di stile originali. \u00c8 composta da una rete di partner e professionisti per risolvere ogni problema.","og_url":"https:\/\/www.mo1950.com\/en\/retail-spaces\/","og_site_name":"Mo.1950","article_modified_time":"2024-07-30T07:25:16+00:00","twitter_card":"summary_large_image","twitter_misc":{"Est. reading time":"1 minute"},"schema":{"@context":"https:\/\/schema.org","@graph":[{"@type":"WebPage","@id":"https:\/\/www.mo1950.com\/en\/retail-spaces\/","url":"https:\/\/www.mo1950.com\/en\/retail-spaces\/","name":"Retail Spaces - Mo.1950","isPartOf":{"@id":"https:\/\/www.mo1950.com\/#website"},"datePublished":"2024-01-24T10:18:00+00:00","dateModified":"2024-07-30T07:25:16+00:00","description":"Mo.1950 \u00e8 oggi una realt\u00e0 vivace nei servizi d'arredo. \u00c8 conosciuta nel panorama milanese del design e dell\u2019arredamento in quanto propone soluzioni di stile originali. \u00c8 composta da una rete di partner e professionisti per risolvere ogni problema.","breadcrumb":{"@id":"https:\/\/www.mo1950.com\/en\/retail-spaces\/#breadcrumb"},"inLanguage":"en-US","potentialAction":[{"@type":"ReadAction","target":["https:\/\/www.mo1950.com\/en\/retail-spaces\/"]}]},{"@type":"BreadcrumbList","@id":"https:\/\/www.mo1950.com\/en\/retail-spaces\/#breadcrumb","itemListElement":[{"@type":"ListItem","position":1,"name":"Home","item":"https:\/\/www.mo1950.com\/en\/"},{"@type":"ListItem","position":2,"name":"Retail Spaces"}]},{"@type":"WebSite","@id":"https:\/\/www.mo1950.com\/#website","url":"https:\/\/www.mo1950.com\/","name":"Mo.1950","description":"","publisher":{"@id":"https:\/\/www.mo1950.com\/#organization"},"potentialAction":[{"@type":"SearchAction","target":{"@type":"EntryPoint","urlTemplate":"https:\/\/www.mo1950.com\/?s={search_term_string}"},"query-input":{"@type":"PropertyValueSpecification","valueRequired":true,"valueName":"search_term_string"}}],"inLanguage":"en-US"},{"@type":"Organization","@id":"https:\/\/www.mo1950.com\/#organization","name":"Mo.1950 - Contract Services & Design Solutions - Milano","url":"https:\/\/www.mo1950.com\/","logo":{"@type":"ImageObject","inLanguage":"en-US","@id":"https:\/\/www.mo1950.com\/#\/schema\/logo\/image\/","url":"https:\/\/www.mo1950.com\/wp-content\/uploads\/2020\/05\/logo-mo-150.png","contentUrl":"https:\/\/www.mo1950.com\/wp-content\/uploads\/2020\/05\/logo-mo-150.png","width":150,"height":150,"caption":"Mo.1950 - Contract Services & Design Solutions - Milano"},"image":{"@id":"https:\/\/www.mo1950.com\/#\/schema\/logo\/image\/"}}]}},"_links":{"self":[{"href":"https:\/\/www.mo1950.com\/en\/wp-json\/wp\/v2\/pages\/14817"}],"collection":[{"href":"https:\/\/www.mo1950.com\/en\/wp-json\/wp\/v2\/pages"}],"about":[{"href":"https:\/\/www.mo1950.com\/en\/wp-json\/wp\/v2\/types\/page"}],"author":[{"embeddable":true,"href":"https:\/\/www.mo1950.com\/en\/wp-json\/wp\/v2\/users\/1"}],"replies":[{"embeddable":true,"href":"https:\/\/www.mo1950.com\/en\/wp-json\/wp\/v2\/comments?post=14817"}],"version-history":[{"count":1,"href":"https:\/\/www.mo1950.com\/en\/wp-json\/wp\/v2\/pages\/14817\/revisions"}],"predecessor-version":[{"id":15350,"href":"https:\/\/www.mo1950.com\/en\/wp-json\/wp\/v2\/pages\/14817\/revisions\/15350"}],"wp:attachment":[{"href":"https:\/\/www.mo1950.com\/en\/wp-json\/wp\/v2\/media?parent=14817"}],"curies":[{"name":"wp","href":"https:\/\/api.w.org\/{rel}","templated":true}]}}